{"id":665,"date":"2024-09-29T03:39:49","date_gmt":"2024-09-28T23:39:49","guid":{"rendered":"https:\/\/gccvisa.com\/contact\/"},"modified":"2024-10-31T23:18:41","modified_gmt":"2024-10-31T19:18:41","slug":"contact","status":"publish","type":"page","link":"https:\/\/gccvisa.com\/es\/contact\/","title":{"rendered":"Contacto"},"content":{"rendered":"","protected":false},"excerpt":{"rendered":"","protected":false},"author":2,"featured_media":0,"parent":0,"menu_order":0,"comment_status":"closed","ping_status":"closed","template":"template-contact.php","meta":{"_acf_changed":false,"inline_featured_image":false,"footnotes":""},"class_list":["post-665","page","type-page","status-publish","hentry"],"acf":[],"yoast_head":"<!-- This site is optimized with the Yoast SEO Premium plugin v24.0 (Yoast SEO v25.4) - https:\/\/yoast.com\/wordpress\/plugins\/seo\/ -->\n<title>Contacto | Visado GCC Grand Tours<\/title>\n<meta name=\"description\" content=\"Descubra las \u00faltimas actualizaciones y requisitos del Visado unificado GCC. Descubra c\u00f3mo el Visado GCC Grand Tours puede simplificar su viajo a traves de los pa\u00edses del Golfo.\" \/>\n<meta name=\"robots\" content=\"index, follow, max-snippet:-1, max-image-preview:large, max-video-preview:-1\" \/>\n<link rel=\"canonical\" href=\"https:\/\/gccvisa.com\/es\/contact\/\" \/>\n<meta property=\"og:locale\" content=\"es_ES\" \/>\n<meta property=\"og:type\" content=\"article\" \/>\n<meta property=\"og:title\" content=\"Contacto | Visado GCC Grand Tours\" \/>\n<meta property=\"og:description\" content=\"Descubra las \u00faltimas actualizaciones y requisitos del Visado unificado GCC. Descubra c\u00f3mo el Visado GCC Grand Tours puede simplificar su viajo a traves de los pa\u00edses del Golfo.\" \/>\n<meta property=\"og:url\" content=\"https:\/\/gccvisa.com\/es\/contact\/\" \/>\n<meta property=\"og:site_name\" content=\"Visado GCC Grand Tours\" \/>\n<meta property=\"article:modified_time\" content=\"2024-10-31T19:18:41+00:00\" \/>\n<meta property=\"og:image\" content=\"https:\/\/gccvisa.com\/wp-content\/uploads\/2024\/10\/shutterstock_2145529403.webp\" \/>\n\t<meta property=\"og:image:width\" content=\"1000\" \/>\n\t<meta property=\"og:image:height\" content=\"710\" \/>\n\t<meta property=\"og:image:type\" content=\"image\/webp\" \/>\n<meta name=\"twitter:card\" content=\"summary_large_image\" \/>\n<meta name=\"twitter:title\" content=\"Contacto\" \/>\n<script type=\"application\/ld+json\" class=\"yoast-schema-graph\">{\"@context\":\"https:\/\/schema.org\",\"@graph\":[{\"@type\":\"WebPage\",\"@id\":\"https:\/\/gccvisa.com\/es\/contact\/\",\"url\":\"https:\/\/gccvisa.com\/es\/contact\/\",\"name\":\"Contacto | Visado GCC Grand Tours\",\"isPartOf\":{\"@id\":\"https:\/\/gccvisa.com\/es\/#website\"},\"datePublished\":\"2024-09-28T23:39:49+00:00\",\"dateModified\":\"2024-10-31T19:18:41+00:00\",\"description\":\"Descubra las \u00faltimas actualizaciones y requisitos del Visado unificado GCC. Descubra c\u00f3mo el Visado GCC Grand Tours puede simplificar su viajo a traves de los pa\u00edses del Golfo.\",\"breadcrumb\":{\"@id\":\"https:\/\/gccvisa.com\/es\/contact\/#breadcrumb\"},\"inLanguage\":\"es\",\"potentialAction\":[{\"@type\":\"ReadAction\",\"target\":[\"https:\/\/gccvisa.com\/es\/contact\/\"]}]},{\"@type\":\"BreadcrumbList\",\"@id\":\"https:\/\/gccvisa.com\/es\/contact\/#breadcrumb\",\"itemListElement\":[{\"@type\":\"ListItem\",\"position\":1,\"name\":\"Home\",\"item\":\"https:\/\/gccvisa.com\/es\/\"},{\"@type\":\"ListItem\",\"position\":2,\"name\":\"Contacto\"}]},{\"@type\":\"WebSite\",\"@id\":\"https:\/\/gccvisa.com\/es\/#website\",\"url\":\"https:\/\/gccvisa.com\/es\/\",\"name\":\"Visado GCC Grand Tours\",\"description\":\"\",\"potentialAction\":[{\"@type\":\"SearchAction\",\"target\":{\"@type\":\"EntryPoint\",\"urlTemplate\":\"https:\/\/gccvisa.com\/es\/?s={search_term_string}\"},\"query-input\":{\"@type\":\"PropertyValueSpecification\",\"valueRequired\":true,\"valueName\":\"search_term_string\"}}],\"inLanguage\":\"es\"}]}<\/script>\n<!-- \/ Yoast SEO Premium plugin. -->","yoast_head_json":{"title":"Contacto | Visado GCC Grand Tours","description":"Descubra las \u00faltimas actualizaciones y requisitos del Visado unificado GCC. Descubra c\u00f3mo el Visado GCC Grand Tours puede simplificar su viajo a traves de los pa\u00edses del Golfo.","robots":{"index":"index","follow":"follow","max-snippet":"max-snippet:-1","max-image-preview":"max-image-preview:large","max-video-preview":"max-video-preview:-1"},"canonical":"https:\/\/gccvisa.com\/es\/contact\/","og_locale":"es_ES","og_type":"article","og_title":"Contacto | Visado GCC Grand Tours","og_description":"Descubra las \u00faltimas actualizaciones y requisitos del Visado unificado GCC. Descubra c\u00f3mo el Visado GCC Grand Tours puede simplificar su viajo a traves de los pa\u00edses del Golfo.","og_url":"https:\/\/gccvisa.com\/es\/contact\/","og_site_name":"Visado GCC Grand Tours","article_modified_time":"2024-10-31T19:18:41+00:00","og_image":[{"width":1000,"height":710,"url":"https:\/\/gccvisa.com\/wp-content\/uploads\/2024\/10\/shutterstock_2145529403.webp","type":"image\/webp"}],"twitter_card":"summary_large_image","twitter_title":"Contacto","schema":{"@context":"https:\/\/schema.org","@graph":[{"@type":"WebPage","@id":"https:\/\/gccvisa.com\/es\/contact\/","url":"https:\/\/gccvisa.com\/es\/contact\/","name":"Contacto | Visado GCC Grand Tours","isPartOf":{"@id":"https:\/\/gccvisa.com\/es\/#website"},"datePublished":"2024-09-28T23:39:49+00:00","dateModified":"2024-10-31T19:18:41+00:00","description":"Descubra las \u00faltimas actualizaciones y requisitos del Visado unificado GCC. Descubra c\u00f3mo el Visado GCC Grand Tours puede simplificar su viajo a traves de los pa\u00edses del Golfo.","breadcrumb":{"@id":"https:\/\/gccvisa.com\/es\/contact\/#breadcrumb"},"inLanguage":"es","potentialAction":[{"@type":"ReadAction","target":["https:\/\/gccvisa.com\/es\/contact\/"]}]},{"@type":"BreadcrumbList","@id":"https:\/\/gccvisa.com\/es\/contact\/#breadcrumb","itemListElement":[{"@type":"ListItem","position":1,"name":"Home","item":"https:\/\/gccvisa.com\/es\/"},{"@type":"ListItem","position":2,"name":"Contacto"}]},{"@type":"WebSite","@id":"https:\/\/gccvisa.com\/es\/#website","url":"https:\/\/gccvisa.com\/es\/","name":"Visado GCC Grand Tours","description":"","potentialAction":[{"@type":"SearchAction","target":{"@type":"EntryPoint","urlTemplate":"https:\/\/gccvisa.com\/es\/?s={search_term_string}"},"query-input":{"@type":"PropertyValueSpecification","valueRequired":true,"valueName":"search_term_string"}}],"inLanguage":"es"}]}},"_links":{"self":[{"href":"https:\/\/gccvisa.com\/es\/wp-json\/wp\/v2\/pages\/665","targetHints":{"allow":["GET"]}}],"collection":[{"href":"https:\/\/gccvisa.com\/es\/wp-json\/wp\/v2\/pages"}],"about":[{"href":"https:\/\/gccvisa.com\/es\/wp-json\/wp\/v2\/types\/page"}],"author":[{"embeddable":true,"href":"https:\/\/gccvisa.com\/es\/wp-json\/wp\/v2\/users\/2"}],"replies":[{"embeddable":true,"href":"https:\/\/gccvisa.com\/es\/wp-json\/wp\/v2\/comments?post=665"}],"version-history":[{"count":2,"href":"https:\/\/gccvisa.com\/es\/wp-json\/wp\/v2\/pages\/665\/revisions"}],"predecessor-version":[{"id":1124,"href":"https:\/\/gccvisa.com\/es\/wp-json\/wp\/v2\/pages\/665\/revisions\/1124"}],"wp:attachment":[{"href":"https:\/\/gccvisa.com\/es\/wp-json\/wp\/v2\/media?parent=665"}],"curies":[{"name":"wp","href":"https:\/\/api.w.org\/{rel}","templated":true}]}}