{"id":3373,"date":"2025-08-07T13:33:27","date_gmt":"2025-08-07T09:33:27","guid":{"rendered":"https:\/\/gccvisa.com\/application\/"},"modified":"2025-09-07T15:09:47","modified_gmt":"2025-09-07T11:09:47","slug":"application","status":"publish","type":"page","link":"https:\/\/gccvisa.com\/fr\/application\/","title":{"rendered":"Application"},"content":{"rendered":"","protected":false},"excerpt":{"rendered":"","protected":false},"author":4,"featured_media":0,"parent":0,"menu_order":0,"comment_status":"closed","ping_status":"closed","template":"template-application.php","meta":{"_acf_changed":false,"inline_featured_image":false,"footnotes":""},"class_list":["post-3373","page","type-page","status-publish","hentry"],"acf":[],"yoast_head":"<!-- This site is optimized with the Yoast SEO Premium plugin v24.0 (Yoast SEO v25.4) - https:\/\/yoast.com\/wordpress\/plugins\/seo\/ -->\n<title>Guide de demande de visa unifi\u00e9 du CCG et derni\u00e8res mises \u00e0 jour 2026<\/title>\n<meta name=\"description\" content=\"Obtenez les derni\u00e8res mises \u00e0 jour 2026 sur le visa unifi\u00e9 du CCG, notamment les instructions \u00e9tape par \u00e9tape pour la demande, les prix et les exigences de voyage pour le visa du CCG.\" \/>\n<meta name=\"robots\" content=\"index, follow, max-snippet:-1, max-image-preview:large, max-video-preview:-1\" \/>\n<link rel=\"canonical\" href=\"https:\/\/gccvisa.com\/fr\/application\/\" \/>\n<meta property=\"og:locale\" content=\"fr_FR\" \/>\n<meta property=\"og:type\" content=\"article\" \/>\n<meta property=\"og:title\" content=\"Guide de demande de visa unifi\u00e9 du CCG et derni\u00e8res mises \u00e0 jour 2026\" \/>\n<meta property=\"og:description\" content=\"Obtenez les derni\u00e8res mises \u00e0 jour 2026 sur le visa unifi\u00e9 du CCG, notamment les instructions \u00e9tape par \u00e9tape pour la demande, les prix et les exigences de voyage pour le visa du CCG.\" \/>\n<meta property=\"og:url\" content=\"https:\/\/gccvisa.com\/fr\/application\/\" \/>\n<meta property=\"og:site_name\" content=\"Visa GCC Grand Tours\" \/>\n<meta property=\"article:modified_time\" content=\"2025-09-07T11:09:47+00:00\" \/>\n<meta name=\"twitter:card\" content=\"summary_large_image\" \/>\n<meta name=\"twitter:title\" content=\"Application\" \/>\n<script type=\"application\/ld+json\" class=\"yoast-schema-graph\">{\"@context\":\"https:\/\/schema.org\",\"@graph\":[{\"@type\":\"WebPage\",\"@id\":\"https:\/\/gccvisa.com\/fr\/application\/\",\"url\":\"https:\/\/gccvisa.com\/fr\/application\/\",\"name\":\"Guide de demande de visa unifi\u00e9 du CCG et derni\u00e8res mises \u00e0 jour 2026\",\"isPartOf\":{\"@id\":\"https:\/\/gccvisa.com\/fr\/#website\"},\"datePublished\":\"2025-08-07T09:33:27+00:00\",\"dateModified\":\"2025-09-07T11:09:47+00:00\",\"description\":\"Obtenez les derni\u00e8res mises \u00e0 jour 2026 sur le visa unifi\u00e9 du CCG, notamment les instructions \u00e9tape par \u00e9tape pour la demande, les prix et les exigences de voyage pour le visa du CCG.\",\"breadcrumb\":{\"@id\":\"https:\/\/gccvisa.com\/fr\/application\/#breadcrumb\"},\"inLanguage\":\"fr-FR\",\"potentialAction\":[{\"@type\":\"ReadAction\",\"target\":[\"https:\/\/gccvisa.com\/fr\/application\/\"]}]},{\"@type\":\"BreadcrumbList\",\"@id\":\"https:\/\/gccvisa.com\/fr\/application\/#breadcrumb\",\"itemListElement\":[{\"@type\":\"ListItem\",\"position\":1,\"name\":\"Home\",\"item\":\"https:\/\/gccvisa.com\/fr\/\"},{\"@type\":\"ListItem\",\"position\":2,\"name\":\"Application\"}]},{\"@type\":\"WebSite\",\"@id\":\"https:\/\/gccvisa.com\/fr\/#website\",\"url\":\"https:\/\/gccvisa.com\/fr\/\",\"name\":\"Visa GCC Grand Tours\",\"description\":\"\",\"potentialAction\":[{\"@type\":\"SearchAction\",\"target\":{\"@type\":\"EntryPoint\",\"urlTemplate\":\"https:\/\/gccvisa.com\/fr\/?s={search_term_string}\"},\"query-input\":{\"@type\":\"PropertyValueSpecification\",\"valueRequired\":true,\"valueName\":\"search_term_string\"}}],\"inLanguage\":\"fr-FR\"}]}<\/script>\n<!-- \/ Yoast SEO Premium plugin. -->","yoast_head_json":{"title":"Guide de demande de visa unifi\u00e9 du CCG et derni\u00e8res mises \u00e0 jour 2026","description":"Obtenez les derni\u00e8res mises \u00e0 jour 2026 sur le visa unifi\u00e9 du CCG, notamment les instructions \u00e9tape par \u00e9tape pour la demande, les prix et les exigences de voyage pour le visa du CCG.","robots":{"index":"index","follow":"follow","max-snippet":"max-snippet:-1","max-image-preview":"max-image-preview:large","max-video-preview":"max-video-preview:-1"},"canonical":"https:\/\/gccvisa.com\/fr\/application\/","og_locale":"fr_FR","og_type":"article","og_title":"Guide de demande de visa unifi\u00e9 du CCG et derni\u00e8res mises \u00e0 jour 2026","og_description":"Obtenez les derni\u00e8res mises \u00e0 jour 2026 sur le visa unifi\u00e9 du CCG, notamment les instructions \u00e9tape par \u00e9tape pour la demande, les prix et les exigences de voyage pour le visa du CCG.","og_url":"https:\/\/gccvisa.com\/fr\/application\/","og_site_name":"Visa GCC Grand Tours","article_modified_time":"2025-09-07T11:09:47+00:00","twitter_card":"summary_large_image","twitter_title":"Application","schema":{"@context":"https:\/\/schema.org","@graph":[{"@type":"WebPage","@id":"https:\/\/gccvisa.com\/fr\/application\/","url":"https:\/\/gccvisa.com\/fr\/application\/","name":"Guide de demande de visa unifi\u00e9 du CCG et derni\u00e8res mises \u00e0 jour 2026","isPartOf":{"@id":"https:\/\/gccvisa.com\/fr\/#website"},"datePublished":"2025-08-07T09:33:27+00:00","dateModified":"2025-09-07T11:09:47+00:00","description":"Obtenez les derni\u00e8res mises \u00e0 jour 2026 sur le visa unifi\u00e9 du CCG, notamment les instructions \u00e9tape par \u00e9tape pour la demande, les prix et les exigences de voyage pour le visa du CCG.","breadcrumb":{"@id":"https:\/\/gccvisa.com\/fr\/application\/#breadcrumb"},"inLanguage":"fr-FR","potentialAction":[{"@type":"ReadAction","target":["https:\/\/gccvisa.com\/fr\/application\/"]}]},{"@type":"BreadcrumbList","@id":"https:\/\/gccvisa.com\/fr\/application\/#breadcrumb","itemListElement":[{"@type":"ListItem","position":1,"name":"Home","item":"https:\/\/gccvisa.com\/fr\/"},{"@type":"ListItem","position":2,"name":"Application"}]},{"@type":"WebSite","@id":"https:\/\/gccvisa.com\/fr\/#website","url":"https:\/\/gccvisa.com\/fr\/","name":"Visa GCC Grand Tours","description":"","potentialAction":[{"@type":"SearchAction","target":{"@type":"EntryPoint","urlTemplate":"https:\/\/gccvisa.com\/fr\/?s={search_term_string}"},"query-input":{"@type":"PropertyValueSpecification","valueRequired":true,"valueName":"search_term_string"}}],"inLanguage":"fr-FR"}]}},"_links":{"self":[{"href":"https:\/\/gccvisa.com\/fr\/wp-json\/wp\/v2\/pages\/3373","targetHints":{"allow":["GET"]}}],"collection":[{"href":"https:\/\/gccvisa.com\/fr\/wp-json\/wp\/v2\/pages"}],"about":[{"href":"https:\/\/gccvisa.com\/fr\/wp-json\/wp\/v2\/types\/page"}],"author":[{"embeddable":true,"href":"https:\/\/gccvisa.com\/fr\/wp-json\/wp\/v2\/users\/4"}],"replies":[{"embeddable":true,"href":"https:\/\/gccvisa.com\/fr\/wp-json\/wp\/v2\/comments?post=3373"}],"version-history":[{"count":2,"href":"https:\/\/gccvisa.com\/fr\/wp-json\/wp\/v2\/pages\/3373\/revisions"}],"predecessor-version":[{"id":3426,"href":"https:\/\/gccvisa.com\/fr\/wp-json\/wp\/v2\/pages\/3373\/revisions\/3426"}],"wp:attachment":[{"href":"https:\/\/gccvisa.com\/fr\/wp-json\/wp\/v2\/media?parent=3373"}],"curies":[{"name":"wp","href":"https:\/\/api.w.org\/{rel}","templated":true}]}}