{"id":679,"date":"2024-02-19T18:11:55","date_gmt":"2024-02-19T14:11:55","guid":{"rendered":"https:\/\/gccvisa.com\/home\/"},"modified":"2024-10-31T23:14:27","modified_gmt":"2024-10-31T19:14:27","slug":"home","status":"publish","type":"page","link":"https:\/\/gccvisa.com\/fr\/","title":{"rendered":"Unified GCC Visa"},"content":{"rendered":"","protected":false},"excerpt":{"rendered":"","protected":false},"author":1,"featured_media":0,"parent":0,"menu_order":0,"comment_status":"closed","ping_status":"closed","template":"template-home.php","meta":{"_acf_changed":false,"inline_featured_image":false,"footnotes":""},"class_list":["post-679","page","type-page","status-publish","hentry"],"acf":[],"yoast_head":"<!-- This site is optimized with the Yoast SEO Premium plugin v24.0 (Yoast SEO v25.4) - https:\/\/yoast.com\/wordpress\/plugins\/seo\/ -->\n<title>Visa unifi\u00e9 pour le GCC : Actualit\u00e9 et exigences du visa GCC Grand Tours<\/title>\n<meta name=\"description\" content=\"D\u00e9couvrez les derni\u00e8res mises \u00e0 jour et les exigences relatives au visa unifi\u00e9 pour le GCC. D\u00e9couvrez comment le visa GCC Grand Tours peut simplifier vos d\u00e9placements au sein des pays du Golfe.\" \/>\n<meta name=\"robots\" content=\"index, follow, max-snippet:-1, max-image-preview:large, max-video-preview:-1\" \/>\n<link rel=\"canonical\" href=\"https:\/\/gccvisa.com\/fr\/\" \/>\n<meta property=\"og:locale\" content=\"fr_FR\" \/>\n<meta property=\"og:type\" content=\"article\" \/>\n<meta property=\"og:title\" content=\"Visa unifi\u00e9 pour le GCC : Actualit\u00e9 et exigences du visa GCC Grand Tours\" \/>\n<meta property=\"og:description\" content=\"D\u00e9couvrez les derni\u00e8res mises \u00e0 jour et les exigences relatives au visa unifi\u00e9 pour le GCC. D\u00e9couvrez comment le visa GCC Grand Tours peut simplifier vos d\u00e9placements au sein des pays du Golfe.\" \/>\n<meta property=\"og:url\" content=\"https:\/\/gccvisa.com\/fr\/\" \/>\n<meta property=\"og:site_name\" content=\"Visa GCC Grand Tours\" \/>\n<meta property=\"article:modified_time\" content=\"2024-10-31T19:14:27+00:00\" \/>\n<meta property=\"og:image\" content=\"https:\/\/gccvisa.com\/wp-content\/uploads\/2024\/10\/shutterstock_2145529403.webp\" \/>\n\t<meta property=\"og:image:width\" content=\"1000\" \/>\n\t<meta property=\"og:image:height\" content=\"710\" \/>\n\t<meta property=\"og:image:type\" content=\"image\/webp\" \/>\n<meta name=\"twitter:card\" content=\"summary_large_image\" \/>\n<meta name=\"twitter:title\" content=\"Unified GCC Visa\" \/>\n<script type=\"application\/ld+json\" class=\"yoast-schema-graph\">{\"@context\":\"https:\/\/schema.org\",\"@graph\":[{\"@type\":\"WebPage\",\"@id\":\"https:\/\/gccvisa.com\/fr\/\",\"url\":\"https:\/\/gccvisa.com\/fr\/\",\"name\":\"Visa unifi\u00e9 pour le GCC : Actualit\u00e9 et exigences du visa GCC Grand Tours\",\"isPartOf\":{\"@id\":\"https:\/\/gccvisa.com\/fr\/#website\"},\"datePublished\":\"2024-02-19T14:11:55+00:00\",\"dateModified\":\"2024-10-31T19:14:27+00:00\",\"description\":\"D\u00e9couvrez les derni\u00e8res mises \u00e0 jour et les exigences relatives au visa unifi\u00e9 pour le GCC. D\u00e9couvrez comment le visa GCC Grand Tours peut simplifier vos d\u00e9placements au sein des pays du Golfe.\",\"breadcrumb\":{\"@id\":\"https:\/\/gccvisa.com\/fr\/#breadcrumb\"},\"inLanguage\":\"fr-FR\",\"potentialAction\":[{\"@type\":\"ReadAction\",\"target\":[\"https:\/\/gccvisa.com\/fr\/\"]}]},{\"@type\":\"BreadcrumbList\",\"@id\":\"https:\/\/gccvisa.com\/fr\/#breadcrumb\",\"itemListElement\":[{\"@type\":\"ListItem\",\"position\":1,\"name\":\"Home\",\"item\":\"https:\/\/gccvisa.com\/fr\/\"},{\"@type\":\"ListItem\",\"position\":2,\"name\":\"Unified GCC Visa\"}]},{\"@type\":\"WebSite\",\"@id\":\"https:\/\/gccvisa.com\/fr\/#website\",\"url\":\"https:\/\/gccvisa.com\/fr\/\",\"name\":\"Visa GCC Grand Tours\",\"description\":\"\",\"potentialAction\":[{\"@type\":\"SearchAction\",\"target\":{\"@type\":\"EntryPoint\",\"urlTemplate\":\"https:\/\/gccvisa.com\/fr\/?s={search_term_string}\"},\"query-input\":{\"@type\":\"PropertyValueSpecification\",\"valueRequired\":true,\"valueName\":\"search_term_string\"}}],\"inLanguage\":\"fr-FR\"}]}<\/script>\n<!-- \/ Yoast SEO Premium plugin. -->","yoast_head_json":{"title":"Visa unifi\u00e9 pour le GCC : Actualit\u00e9 et exigences du visa GCC Grand Tours","description":"D\u00e9couvrez les derni\u00e8res mises \u00e0 jour et les exigences relatives au visa unifi\u00e9 pour le GCC. D\u00e9couvrez comment le visa GCC Grand Tours peut simplifier vos d\u00e9placements au sein des pays du Golfe.","robots":{"index":"index","follow":"follow","max-snippet":"max-snippet:-1","max-image-preview":"max-image-preview:large","max-video-preview":"max-video-preview:-1"},"canonical":"https:\/\/gccvisa.com\/fr\/","og_locale":"fr_FR","og_type":"article","og_title":"Visa unifi\u00e9 pour le GCC : Actualit\u00e9 et exigences du visa GCC Grand Tours","og_description":"D\u00e9couvrez les derni\u00e8res mises \u00e0 jour et les exigences relatives au visa unifi\u00e9 pour le GCC. D\u00e9couvrez comment le visa GCC Grand Tours peut simplifier vos d\u00e9placements au sein des pays du Golfe.","og_url":"https:\/\/gccvisa.com\/fr\/","og_site_name":"Visa GCC Grand Tours","article_modified_time":"2024-10-31T19:14:27+00:00","og_image":[{"width":1000,"height":710,"url":"https:\/\/gccvisa.com\/wp-content\/uploads\/2024\/10\/shutterstock_2145529403.webp","type":"image\/webp"}],"twitter_card":"summary_large_image","twitter_title":"Unified GCC Visa","schema":{"@context":"https:\/\/schema.org","@graph":[{"@type":"WebPage","@id":"https:\/\/gccvisa.com\/fr\/","url":"https:\/\/gccvisa.com\/fr\/","name":"Visa unifi\u00e9 pour le GCC : Actualit\u00e9 et exigences du visa GCC Grand Tours","isPartOf":{"@id":"https:\/\/gccvisa.com\/fr\/#website"},"datePublished":"2024-02-19T14:11:55+00:00","dateModified":"2024-10-31T19:14:27+00:00","description":"D\u00e9couvrez les derni\u00e8res mises \u00e0 jour et les exigences relatives au visa unifi\u00e9 pour le GCC. D\u00e9couvrez comment le visa GCC Grand Tours peut simplifier vos d\u00e9placements au sein des pays du Golfe.","breadcrumb":{"@id":"https:\/\/gccvisa.com\/fr\/#breadcrumb"},"inLanguage":"fr-FR","potentialAction":[{"@type":"ReadAction","target":["https:\/\/gccvisa.com\/fr\/"]}]},{"@type":"BreadcrumbList","@id":"https:\/\/gccvisa.com\/fr\/#breadcrumb","itemListElement":[{"@type":"ListItem","position":1,"name":"Home","item":"https:\/\/gccvisa.com\/fr\/"},{"@type":"ListItem","position":2,"name":"Unified GCC Visa"}]},{"@type":"WebSite","@id":"https:\/\/gccvisa.com\/fr\/#website","url":"https:\/\/gccvisa.com\/fr\/","name":"Visa GCC Grand Tours","description":"","potentialAction":[{"@type":"SearchAction","target":{"@type":"EntryPoint","urlTemplate":"https:\/\/gccvisa.com\/fr\/?s={search_term_string}"},"query-input":{"@type":"PropertyValueSpecification","valueRequired":true,"valueName":"search_term_string"}}],"inLanguage":"fr-FR"}]}},"_links":{"self":[{"href":"https:\/\/gccvisa.com\/fr\/wp-json\/wp\/v2\/pages\/679","targetHints":{"allow":["GET"]}}],"collection":[{"href":"https:\/\/gccvisa.com\/fr\/wp-json\/wp\/v2\/pages"}],"about":[{"href":"https:\/\/gccvisa.com\/fr\/wp-json\/wp\/v2\/types\/page"}],"author":[{"embeddable":true,"href":"https:\/\/gccvisa.com\/fr\/wp-json\/wp\/v2\/users\/1"}],"replies":[{"embeddable":true,"href":"https:\/\/gccvisa.com\/fr\/wp-json\/wp\/v2\/comments?post=679"}],"version-history":[{"count":2,"href":"https:\/\/gccvisa.com\/fr\/wp-json\/wp\/v2\/pages\/679\/revisions"}],"predecessor-version":[{"id":1121,"href":"https:\/\/gccvisa.com\/fr\/wp-json\/wp\/v2\/pages\/679\/revisions\/1121"}],"wp:attachment":[{"href":"https:\/\/gccvisa.com\/fr\/wp-json\/wp\/v2\/media?parent=679"}],"curies":[{"name":"wp","href":"https:\/\/api.w.org\/{rel}","templated":true}]}}