{"id":1804,"date":"2024-02-19T18:11:55","date_gmt":"2024-02-19T14:11:55","guid":{"rendered":"https:\/\/gccvisa.com\/home\/"},"modified":"2025-07-20T12:56:11","modified_gmt":"2025-07-20T08:56:11","slug":"home","status":"publish","type":"page","link":"https:\/\/gccvisa.com\/pt\/","title":{"rendered":"Unified GCC Visa"},"content":{"rendered":"","protected":false},"excerpt":{"rendered":"","protected":false},"author":1,"featured_media":0,"parent":0,"menu_order":0,"comment_status":"closed","ping_status":"closed","template":"template-home.php","meta":{"_acf_changed":false,"inline_featured_image":false,"footnotes":""},"class_list":["post-1804","page","type-page","status-publish","hentry"],"acf":[],"yoast_head":"<!-- This site is optimized with the Yoast SEO Premium plugin v24.0 (Yoast SEO v25.4) - https:\/\/yoast.com\/wordpress\/plugins\/seo\/ -->\n<title>Visto Unificado do Conselho de Coopera\u00e7\u00e3o do Golfo (GCC): Novidades e Requisitos para o Visto Grand Tours do GCC<\/title>\n<meta name=\"description\" content=\"Fique por dentro das \u00faltimas novidades e descubra tudo o que voc\u00ea precisa saber sobre o Visto Unificado do GCC. Veja como o Visto Grand Tours do GCC pode facilitar suas viagens pelos pa\u00edses do Golfo.\" \/>\n<meta name=\"robots\" content=\"index, follow, max-snippet:-1, max-image-preview:large, max-video-preview:-1\" \/>\n<link rel=\"canonical\" href=\"https:\/\/gccvisa.com\/pt\/\" \/>\n<meta property=\"og:locale\" content=\"pt_PT\" \/>\n<meta property=\"og:type\" content=\"article\" \/>\n<meta property=\"og:title\" content=\"Visto Unificado do Conselho de Coopera\u00e7\u00e3o do Golfo (GCC): Novidades e Requisitos para o Visto Grand Tours do GCC\" \/>\n<meta property=\"og:description\" content=\"Fique por dentro das \u00faltimas novidades e descubra tudo o que voc\u00ea precisa saber sobre o Visto Unificado do GCC. Veja como o Visto Grand Tours do GCC pode facilitar suas viagens pelos pa\u00edses do Golfo.\" \/>\n<meta property=\"og:url\" content=\"https:\/\/gccvisa.com\/pt\/\" \/>\n<meta property=\"og:site_name\" content=\"GCC Grand Tours Visa\" \/>\n<meta property=\"article:modified_time\" content=\"2025-07-20T08:56:11+00:00\" \/>\n<meta property=\"og:image\" content=\"https:\/\/gccvisa.com\/wp-content\/uploads\/2024\/10\/shutterstock_2145529403.webp\" \/>\n\t<meta property=\"og:image:width\" content=\"1000\" \/>\n\t<meta property=\"og:image:height\" content=\"710\" \/>\n\t<meta property=\"og:image:type\" content=\"image\/webp\" \/>\n<meta name=\"twitter:card\" content=\"summary_large_image\" \/>\n<meta name=\"twitter:title\" content=\"Unified GCC Visa\" \/>\n<script type=\"application\/ld+json\" class=\"yoast-schema-graph\">{\"@context\":\"https:\/\/schema.org\",\"@graph\":[{\"@type\":\"WebPage\",\"@id\":\"https:\/\/gccvisa.com\/pt\/\",\"url\":\"https:\/\/gccvisa.com\/pt\/\",\"name\":\"Visto Unificado do Conselho de Coopera\u00e7\u00e3o do Golfo (GCC): Novidades e Requisitos para o Visto Grand Tours do GCC\",\"isPartOf\":{\"@id\":\"https:\/\/gccvisa.com\/pt\/#website\"},\"datePublished\":\"2024-02-19T14:11:55+00:00\",\"dateModified\":\"2025-07-20T08:56:11+00:00\",\"description\":\"Fique por dentro das \u00faltimas novidades e descubra tudo o que voc\u00ea precisa saber sobre o Visto Unificado do GCC. Veja como o Visto Grand Tours do GCC pode facilitar suas viagens pelos pa\u00edses do Golfo.\",\"breadcrumb\":{\"@id\":\"https:\/\/gccvisa.com\/pt\/#breadcrumb\"},\"inLanguage\":\"pt-PT\",\"potentialAction\":[{\"@type\":\"ReadAction\",\"target\":[\"https:\/\/gccvisa.com\/pt\/\"]}]},{\"@type\":\"BreadcrumbList\",\"@id\":\"https:\/\/gccvisa.com\/pt\/#breadcrumb\",\"itemListElement\":[{\"@type\":\"ListItem\",\"position\":1,\"name\":\"Home\",\"item\":\"https:\/\/gccvisa.com\/pt\/home\/\"},{\"@type\":\"ListItem\",\"position\":2,\"name\":\"Unified GCC Visa\"}]},{\"@type\":\"WebSite\",\"@id\":\"https:\/\/gccvisa.com\/pt\/#website\",\"url\":\"https:\/\/gccvisa.com\/pt\/\",\"name\":\"GCC Grand Tours Visa\",\"description\":\"\",\"potentialAction\":[{\"@type\":\"SearchAction\",\"target\":{\"@type\":\"EntryPoint\",\"urlTemplate\":\"https:\/\/gccvisa.com\/pt\/?s={search_term_string}\"},\"query-input\":{\"@type\":\"PropertyValueSpecification\",\"valueRequired\":true,\"valueName\":\"search_term_string\"}}],\"inLanguage\":\"pt-PT\"}]}<\/script>\n<!-- \/ Yoast SEO Premium plugin. -->","yoast_head_json":{"title":"Visto Unificado do Conselho de Coopera\u00e7\u00e3o do Golfo (GCC): Novidades e Requisitos para o Visto Grand Tours do GCC","description":"Fique por dentro das \u00faltimas novidades e descubra tudo o que voc\u00ea precisa saber sobre o Visto Unificado do GCC. Veja como o Visto Grand Tours do GCC pode facilitar suas viagens pelos pa\u00edses do Golfo.","robots":{"index":"index","follow":"follow","max-snippet":"max-snippet:-1","max-image-preview":"max-image-preview:large","max-video-preview":"max-video-preview:-1"},"canonical":"https:\/\/gccvisa.com\/pt\/","og_locale":"pt_PT","og_type":"article","og_title":"Visto Unificado do Conselho de Coopera\u00e7\u00e3o do Golfo (GCC): Novidades e Requisitos para o Visto Grand Tours do GCC","og_description":"Fique por dentro das \u00faltimas novidades e descubra tudo o que voc\u00ea precisa saber sobre o Visto Unificado do GCC. Veja como o Visto Grand Tours do GCC pode facilitar suas viagens pelos pa\u00edses do Golfo.","og_url":"https:\/\/gccvisa.com\/pt\/","og_site_name":"GCC Grand Tours Visa","article_modified_time":"2025-07-20T08:56:11+00:00","og_image":[{"width":1000,"height":710,"url":"https:\/\/gccvisa.com\/wp-content\/uploads\/2024\/10\/shutterstock_2145529403.webp","type":"image\/webp"}],"twitter_card":"summary_large_image","twitter_title":"Unified GCC Visa","schema":{"@context":"https:\/\/schema.org","@graph":[{"@type":"WebPage","@id":"https:\/\/gccvisa.com\/pt\/","url":"https:\/\/gccvisa.com\/pt\/","name":"Visto Unificado do Conselho de Coopera\u00e7\u00e3o do Golfo (GCC): Novidades e Requisitos para o Visto Grand Tours do GCC","isPartOf":{"@id":"https:\/\/gccvisa.com\/pt\/#website"},"datePublished":"2024-02-19T14:11:55+00:00","dateModified":"2025-07-20T08:56:11+00:00","description":"Fique por dentro das \u00faltimas novidades e descubra tudo o que voc\u00ea precisa saber sobre o Visto Unificado do GCC. Veja como o Visto Grand Tours do GCC pode facilitar suas viagens pelos pa\u00edses do Golfo.","breadcrumb":{"@id":"https:\/\/gccvisa.com\/pt\/#breadcrumb"},"inLanguage":"pt-PT","potentialAction":[{"@type":"ReadAction","target":["https:\/\/gccvisa.com\/pt\/"]}]},{"@type":"BreadcrumbList","@id":"https:\/\/gccvisa.com\/pt\/#breadcrumb","itemListElement":[{"@type":"ListItem","position":1,"name":"Home","item":"https:\/\/gccvisa.com\/pt\/home\/"},{"@type":"ListItem","position":2,"name":"Unified GCC Visa"}]},{"@type":"WebSite","@id":"https:\/\/gccvisa.com\/pt\/#website","url":"https:\/\/gccvisa.com\/pt\/","name":"GCC Grand Tours Visa","description":"","potentialAction":[{"@type":"SearchAction","target":{"@type":"EntryPoint","urlTemplate":"https:\/\/gccvisa.com\/pt\/?s={search_term_string}"},"query-input":{"@type":"PropertyValueSpecification","valueRequired":true,"valueName":"search_term_string"}}],"inLanguage":"pt-PT"}]}},"_links":{"self":[{"href":"https:\/\/gccvisa.com\/pt\/wp-json\/wp\/v2\/pages\/1804","targetHints":{"allow":["GET"]}}],"collection":[{"href":"https:\/\/gccvisa.com\/pt\/wp-json\/wp\/v2\/pages"}],"about":[{"href":"https:\/\/gccvisa.com\/pt\/wp-json\/wp\/v2\/types\/page"}],"author":[{"embeddable":true,"href":"https:\/\/gccvisa.com\/pt\/wp-json\/wp\/v2\/users\/1"}],"replies":[{"embeddable":true,"href":"https:\/\/gccvisa.com\/pt\/wp-json\/wp\/v2\/comments?post=1804"}],"version-history":[{"count":1,"href":"https:\/\/gccvisa.com\/pt\/wp-json\/wp\/v2\/pages\/1804\/revisions"}],"predecessor-version":[{"id":1871,"href":"https:\/\/gccvisa.com\/pt\/wp-json\/wp\/v2\/pages\/1804\/revisions\/1871"}],"wp:attachment":[{"href":"https:\/\/gccvisa.com\/pt\/wp-json\/wp\/v2\/media?parent=1804"}],"curies":[{"name":"wp","href":"https:\/\/api.w.org\/{rel}","templated":true}]}}