{"id":3391,"date":"2025-08-07T13:33:27","date_gmt":"2025-08-07T09:33:27","guid":{"rendered":"https:\/\/gccvisa.com\/?page_id=3391"},"modified":"2025-09-04T16:41:29","modified_gmt":"2025-09-04T12:41:29","slug":"application","status":"publish","type":"page","link":"https:\/\/gccvisa.com\/tr\/application\/","title":{"rendered":"Application"},"content":{"rendered":"","protected":false},"excerpt":{"rendered":"","protected":false},"author":4,"featured_media":0,"parent":0,"menu_order":0,"comment_status":"closed","ping_status":"closed","template":"template-application.php","meta":{"_acf_changed":false,"inline_featured_image":false,"footnotes":""},"class_list":["post-3391","page","type-page","status-publish","hentry"],"acf":[],"yoast_head":"<!-- This site is optimized with the Yoast SEO Premium plugin v24.0 (Yoast SEO v25.4) - https:\/\/yoast.com\/wordpress\/plugins\/seo\/ -->\n<title>Birle\u015fik GCC Vizesi Ba\u015fvuru Rehberi ve Son Haberler 2026<\/title>\n<meta name=\"description\" content=\"Birle\u015fik GCC Vizesi&#039;ne ili\u015fkin ad\u0131m ad\u0131m ba\u015fvuru talimatlar\u0131, \u00fccret ve seyahat \u015fartlar\u0131 gibi bilgilerin bulundu\u011fu 2026 haberlerini ka\u00e7\u0131rmay\u0131n.\" \/>\n<meta name=\"robots\" content=\"index, follow, max-snippet:-1, max-image-preview:large, max-video-preview:-1\" \/>\n<link rel=\"canonical\" href=\"https:\/\/gccvisa.com\/tr\/application\/\" \/>\n<meta property=\"og:locale\" content=\"tr_TR\" \/>\n<meta property=\"og:type\" content=\"article\" \/>\n<meta property=\"og:title\" content=\"Birle\u015fik GCC Vizesi Ba\u015fvuru Rehberi ve Son Haberler 2026\" \/>\n<meta property=\"og:description\" content=\"Birle\u015fik GCC Vizesi&#039;ne ili\u015fkin ad\u0131m ad\u0131m ba\u015fvuru talimatlar\u0131, \u00fccret ve seyahat \u015fartlar\u0131 gibi bilgilerin bulundu\u011fu 2026 haberlerini ka\u00e7\u0131rmay\u0131n.\" \/>\n<meta property=\"og:url\" content=\"https:\/\/gccvisa.com\/tr\/application\/\" \/>\n<meta property=\"og:site_name\" content=\"GCC Grand Tours Vizesi\" \/>\n<meta property=\"article:modified_time\" content=\"2025-09-04T12:41:29+00:00\" \/>\n<meta name=\"twitter:card\" content=\"summary_large_image\" \/>\n<meta name=\"twitter:title\" content=\"Application\" \/>\n<script type=\"application\/ld+json\" class=\"yoast-schema-graph\">{\"@context\":\"https:\/\/schema.org\",\"@graph\":[{\"@type\":\"WebPage\",\"@id\":\"https:\/\/gccvisa.com\/tr\/application\/\",\"url\":\"https:\/\/gccvisa.com\/tr\/application\/\",\"name\":\"Birle\u015fik GCC Vizesi Ba\u015fvuru Rehberi ve Son Haberler 2026\",\"isPartOf\":{\"@id\":\"https:\/\/gccvisa.com\/tr\/#website\"},\"datePublished\":\"2025-08-07T09:33:27+00:00\",\"dateModified\":\"2025-09-04T12:41:29+00:00\",\"description\":\"Birle\u015fik GCC Vizesi'ne ili\u015fkin ad\u0131m ad\u0131m ba\u015fvuru talimatlar\u0131, \u00fccret ve seyahat \u015fartlar\u0131 gibi bilgilerin bulundu\u011fu 2026 haberlerini ka\u00e7\u0131rmay\u0131n.\",\"breadcrumb\":{\"@id\":\"https:\/\/gccvisa.com\/tr\/application\/#breadcrumb\"},\"inLanguage\":\"tr\",\"potentialAction\":[{\"@type\":\"ReadAction\",\"target\":[\"https:\/\/gccvisa.com\/tr\/application\/\"]}]},{\"@type\":\"BreadcrumbList\",\"@id\":\"https:\/\/gccvisa.com\/tr\/application\/#breadcrumb\",\"itemListElement\":[{\"@type\":\"ListItem\",\"position\":1,\"name\":\"Home\",\"item\":\"https:\/\/gccvisa.com\/tr\/\"},{\"@type\":\"ListItem\",\"position\":2,\"name\":\"Application\"}]},{\"@type\":\"WebSite\",\"@id\":\"https:\/\/gccvisa.com\/tr\/#website\",\"url\":\"https:\/\/gccvisa.com\/tr\/\",\"name\":\"GCC Grand Tours Vizesi\",\"description\":\"\",\"potentialAction\":[{\"@type\":\"SearchAction\",\"target\":{\"@type\":\"EntryPoint\",\"urlTemplate\":\"https:\/\/gccvisa.com\/tr\/?s={search_term_string}\"},\"query-input\":{\"@type\":\"PropertyValueSpecification\",\"valueRequired\":true,\"valueName\":\"search_term_string\"}}],\"inLanguage\":\"tr\"}]}<\/script>\n<!-- \/ Yoast SEO Premium plugin. -->","yoast_head_json":{"title":"Birle\u015fik GCC Vizesi Ba\u015fvuru Rehberi ve Son Haberler 2026","description":"Birle\u015fik GCC Vizesi'ne ili\u015fkin ad\u0131m ad\u0131m ba\u015fvuru talimatlar\u0131, \u00fccret ve seyahat \u015fartlar\u0131 gibi bilgilerin bulundu\u011fu 2026 haberlerini ka\u00e7\u0131rmay\u0131n.","robots":{"index":"index","follow":"follow","max-snippet":"max-snippet:-1","max-image-preview":"max-image-preview:large","max-video-preview":"max-video-preview:-1"},"canonical":"https:\/\/gccvisa.com\/tr\/application\/","og_locale":"tr_TR","og_type":"article","og_title":"Birle\u015fik GCC Vizesi Ba\u015fvuru Rehberi ve Son Haberler 2026","og_description":"Birle\u015fik GCC Vizesi'ne ili\u015fkin ad\u0131m ad\u0131m ba\u015fvuru talimatlar\u0131, \u00fccret ve seyahat \u015fartlar\u0131 gibi bilgilerin bulundu\u011fu 2026 haberlerini ka\u00e7\u0131rmay\u0131n.","og_url":"https:\/\/gccvisa.com\/tr\/application\/","og_site_name":"GCC Grand Tours Vizesi","article_modified_time":"2025-09-04T12:41:29+00:00","twitter_card":"summary_large_image","twitter_title":"Application","schema":{"@context":"https:\/\/schema.org","@graph":[{"@type":"WebPage","@id":"https:\/\/gccvisa.com\/tr\/application\/","url":"https:\/\/gccvisa.com\/tr\/application\/","name":"Birle\u015fik GCC Vizesi Ba\u015fvuru Rehberi ve Son Haberler 2026","isPartOf":{"@id":"https:\/\/gccvisa.com\/tr\/#website"},"datePublished":"2025-08-07T09:33:27+00:00","dateModified":"2025-09-04T12:41:29+00:00","description":"Birle\u015fik GCC Vizesi'ne ili\u015fkin ad\u0131m ad\u0131m ba\u015fvuru talimatlar\u0131, \u00fccret ve seyahat \u015fartlar\u0131 gibi bilgilerin bulundu\u011fu 2026 haberlerini ka\u00e7\u0131rmay\u0131n.","breadcrumb":{"@id":"https:\/\/gccvisa.com\/tr\/application\/#breadcrumb"},"inLanguage":"tr","potentialAction":[{"@type":"ReadAction","target":["https:\/\/gccvisa.com\/tr\/application\/"]}]},{"@type":"BreadcrumbList","@id":"https:\/\/gccvisa.com\/tr\/application\/#breadcrumb","itemListElement":[{"@type":"ListItem","position":1,"name":"Home","item":"https:\/\/gccvisa.com\/tr\/"},{"@type":"ListItem","position":2,"name":"Application"}]},{"@type":"WebSite","@id":"https:\/\/gccvisa.com\/tr\/#website","url":"https:\/\/gccvisa.com\/tr\/","name":"GCC Grand Tours Vizesi","description":"","potentialAction":[{"@type":"SearchAction","target":{"@type":"EntryPoint","urlTemplate":"https:\/\/gccvisa.com\/tr\/?s={search_term_string}"},"query-input":{"@type":"PropertyValueSpecification","valueRequired":true,"valueName":"search_term_string"}}],"inLanguage":"tr"}]}},"_links":{"self":[{"href":"https:\/\/gccvisa.com\/tr\/wp-json\/wp\/v2\/pages\/3391","targetHints":{"allow":["GET"]}}],"collection":[{"href":"https:\/\/gccvisa.com\/tr\/wp-json\/wp\/v2\/pages"}],"about":[{"href":"https:\/\/gccvisa.com\/tr\/wp-json\/wp\/v2\/types\/page"}],"author":[{"embeddable":true,"href":"https:\/\/gccvisa.com\/tr\/wp-json\/wp\/v2\/users\/4"}],"replies":[{"embeddable":true,"href":"https:\/\/gccvisa.com\/tr\/wp-json\/wp\/v2\/comments?post=3391"}],"version-history":[{"count":2,"href":"https:\/\/gccvisa.com\/tr\/wp-json\/wp\/v2\/pages\/3391\/revisions"}],"predecessor-version":[{"id":3393,"href":"https:\/\/gccvisa.com\/tr\/wp-json\/wp\/v2\/pages\/3391\/revisions\/3393"}],"wp:attachment":[{"href":"https:\/\/gccvisa.com\/tr\/wp-json\/wp\/v2\/media?parent=3391"}],"curies":[{"name":"wp","href":"https:\/\/api.w.org\/{rel}","templated":true}]}}